 {"id":3,"date":"2020-06-11T18:52:19","date_gmt":"2020-06-11T16:52:19","guid":{"rendered":"http:\/\/statech.pl\/?page_id=3"},"modified":"2021-05-26T10:17:06","modified_gmt":"2021-05-26T08:17:06","slug":"polityka-prywatnosci","status":"publish","type":"page","link":"https:\/\/statech.pl\/en\/polityka-prywatnosci\/","title":{"rendered":""},"content":{"rendered":"<div data-elementor-type=\"wp-page\" data-elementor-id=\"3\" class=\"elementor elementor-3\" data-elementor-settings=\"[]\">\n\t\t\t<div class=\"elementor-inner\">\n\t\t\t\t<div class=\"elementor-section-wrap\">\n\t\t\t\t\t\t\t<section class=\"elementor-element elementor-element-ecfeba3 elementor-section-stretched elementor-section-boxed elementor-section-height-default elementor-section-height-default elementor-section elementor-top-section\" data-id=\"ecfeba3\" data-element_type=\"section\" data-settings=\"{&quot;stretch_section&quot;:&quot;section-stretched&quot;,&quot;background_background&quot;:&quot;classic&quot;,&quot;shape_divider_bottom&quot;:&quot;opacity-tilt&quot;}\">\n\t\t\t\t\t\t\t<div class=\"elementor-background-overlay\"><\/div>\n\t\t\t\t\t\t<div class=\"elementor-shape elementor-shape-bottom\" data-negative=\"false\">\n\t\t\t<svg xmlns=\"http:\/\/www.w3.org\/2000\/svg\" viewbox=\"0 0 2600 131.1\" preserveaspectratio=\"none\">\n\t<path class=\"elementor-shape-fill\" d=\"M0 0L2600 0 2600 69.1 0 0z\"\/>\n\t<path class=\"elementor-shape-fill\" style=\"opacity:0.5\" d=\"M0 0L2600 0 2600 69.1 0 69.1z\"\/>\n\t<path class=\"elementor-shape-fill\" style=\"opacity:0.25\" d=\"M2600 0L0 0 0 130.1 2600 69.1z\"\/>\n<\/svg>\t\t<\/div>\n\t\t\t\t\t<div class=\"elementor-container elementor-column-gap-default\">\n\t\t\t\t<div class=\"elementor-row\">\n\t\t\t\t<div class=\"elementor-element elementor-element-876e272 elementor-column elementor-col-100 elementor-top-column\" data-id=\"876e272\" data-element_type=\"column\">\n\t\t\t<div class=\"elementor-column-wrap  elementor-element-populated\">\n\t\t\t\t\t<div class=\"elementor-widget-wrap\">\n\t\t\t\t<div class=\"elementor-element elementor-element-4e680c4 elementor-widget elementor-widget-heading\" data-id=\"4e680c4\" data-element_type=\"widget\" data-widget_type=\"heading.default\">\n\t\t\t\t<div class=\"elementor-widget-container\">\n\t\t\t<h3 class=\"elementor-heading-title elementor-size-default\">WEBSITE PRIVACY POLICY\n<br><br><b>www.statech.pl<\/b><\/h3>\t\t<\/div>\n\t\t\t\t<\/div>\n\t\t\t\t\t\t<\/div>\n\t\t\t<\/div>\n\t\t<\/div>\n\t\t\t\t\t\t<\/div>\n\t\t\t<\/div>\n\t\t<\/section>\n\t\t\t\t<section class=\"elementor-element elementor-element-b0e90fd elementor-section-stretched elementor-section-boxed elementor-section-height-default elementor-section-height-default elementor-section elementor-top-section\" data-id=\"b0e90fd\" data-element_type=\"section\" data-settings=\"{&quot;stretch_section&quot;:&quot;section-stretched&quot;,&quot;background_background&quot;:&quot;classic&quot;}\">\n\t\t\t\t\t\t<div class=\"elementor-container elementor-column-gap-default\">\n\t\t\t\t<div class=\"elementor-row\">\n\t\t\t\t<div class=\"elementor-element elementor-element-70895e9b elementor-column elementor-col-100 elementor-top-column\" data-id=\"70895e9b\" data-element_type=\"column\">\n\t\t\t<div class=\"elementor-column-wrap  elementor-element-populated\">\n\t\t\t\t\t<div class=\"elementor-widget-wrap\">\n\t\t\t\t<div class=\"elementor-element elementor-element-ba91b78 elementor-widget elementor-widget-spacer\" data-id=\"ba91b78\" data-element_type=\"widget\" data-widget_type=\"spacer.default\">\n\t\t\t\t<div class=\"elementor-widget-container\">\n\t\t\t\t\t<div class=\"elementor-spacer\">\n\t\t\t<div class=\"elementor-spacer-inner\"><\/div>\n\t\t<\/div>\n\t\t\t\t<\/div>\n\t\t\t\t<\/div>\n\t\t\t\t<div class=\"elementor-element elementor-element-206a6d86 elementor-widget elementor-widget-text-editor\" data-id=\"206a6d86\" data-element_type=\"widget\" data-widget_type=\"text-editor.default\">\n\t\t\t\t<div class=\"elementor-widget-container\">\n\t\t\t\t\t<div class=\"elementor-text-editor elementor-clearfix\"><b>1. GENERAL PROVISIONS<\/b><br>\n1.1 The administrator of the personal data collected through the website statech.pl is Stanislaw Molenda doing business under the name P.P.U.H. \"Statech\" Stanislaw Molenda, registered address: Klucze 32-310, Osada 4, NIP: 6371179172, registered in the Central Business Register and Information, e-mail address: info@statech.pl, hereinafter referred to as the \"Administrator\", who is also the Service Provider, place of business: Klucze 32-310, Osada 4, electronic mail address (e-mail): info@statech.pl, hereinafter referred to as \"Administrator\".<br>\n1.2 Personal data collected by the Administrator through the website shall be processed in accordance with Regulation (EU) 2016\/679 of the European Parliament and of the Council of 27 April 2016 on the protection of natural persons with regard to the processing of personal data and on the free movement of such data and repealing Directive 95\/46\/EC (General Data Protection Regulation), hereinafter referred to as the DPA and the Data Protection Act of 10 May 2018.<br><br>\n<b>2. THE TYPE OF PERSONAL DATA PROCESSED, THE PURPOSE AND SCOPE OF DATA COLLECTION<\/b>\n<br>\n2.1 PURPOSE OF PROCESSING AND LEGAL BASIS.\u00a0\n<br>\nThe controller processes personal data through the statech.co.uk website in case:\n<br>\na) the user's use of the contact form. Personal data is processed on the basis of Article 6(1)(f) of the RODO as a legitimate interest of the Administrator.\n<br>\nb) signing up for the Newsletter by the user in order to send commercial information electronically. Personal data are processed upon separate consent, based on Article 6(1)(a) RODO.\n<br>\n2.2 THE TYPE OF PERSONAL DATA BEING PROCESSED.\n<br>\nThe Administrator processes the following categories of your personal information:\n<br>\na) Name, Surname\n<br>\nb) Email address\n<br>\n2.3. THE ARCHIVING PERIOD FOR PERSONAL DATA.\n<br>\nUsers' personal information is stored by the Administrator:\n<br>\na) where processing is based on the performance of a contract, for as long as is necessary for performance of the contract and thereafter for a period corresponding to the period of limitation of claims. Unless otherwise provided by a specific provision, the period of limitation shall be six years, and for claims for periodic benefits and claims related to the conduct of business activity - three years.\n<br>\nb) where the basis for data processing is consent, for as long as the consent has not been revoked, and after the revocation of consent for a period of time corresponding to the period of limitation of claims which the Administrator may assert and which may be asserted against him. Unless a specific provision of law provides otherwise, the period of limitation shall be six years, and for claims for periodic performance and claims related to the conduct of business activity - three years.\n<br>\n2.4 When using the website, additional information may be collected, in particular: the IP address assigned to your computer or the external IP address of your Internet provider, domain name, browser type, access time, operating system type.\n<br>\n2.4 Podczas korzystania ze strony internetowej mog\u0105 by\u0107 zbierane dodatkowe informacje, w szczeg\u00f3lno\u015bci: adres IP przypisany do Pa\u0144stwa komputera lub zewn\u0119trzny adres IP dostawcy Internetu, nazwa domeny, typ przegl\u0105darki, czas dost\u0119pu, typ systemu operacyjnego.\n<br>\n2.6 The provision of personal data by the user is voluntary.\n<br>\n2.7 Personal data will also be processed by automated means in the form of profiling, provided that the user consents to this on the basis of Article 6(1)(a) of the RODO. The consequence of profiling will be the assignment of a profile to a person in order to make decisions concerning him\/her or to analyze or predict his\/her preferences, behavior and attitudes.\n<br>\n2.8 The Controller shall take special care to protect the interests of data subjects, and in particular shall ensure that the data it collects are:\n<br>\na) processed lawfully,\n<br>\nb) collected for specified, legitimate purposes and not further processed in a way incompatible with those purposes,\n<br>\nc) substantively correct and adequate in relation to the purposes for which they are processed and kept in a form which permits identification of data subjects for no longer than is necessary to achieve the purpose of the processing.\n<br><br>\n<b>3. SHARING OF PERSONAL INFORMATION<\/b><br>\n\n3.1 Users' personal data are transferred to the service providers used by the Administrator to operate the website. The service providers to whom the personal data are transferred, depending on the contractual arrangements and circumstances, are either subject to the Administrator's instructions as to the purposes and means of processing the data (processors) or determine themselves the purposes and means of processing the data (controllers).\n<br>\n3.2 Your personal data is stored only within the European Economic Area (EEA).\n<br><br>\n<b>4. THE RIGHT TO CONTROL, ACCESS AND CORRECT THEIR OWN DATA<\/b>\n<br>\n4.1 The data subject shall have the right of access to the content of his\/her personal data and the right to rectification, erasure, restriction of processing, the right to data portability, the right to object, the right to withdraw consent at any time without affecting the lawfulness of processing carried out on the basis of consent before its withdrawal.\n<br>\n4.2 The legal basis for the user's request:\n<br>\na) Access to data - Article 15 RODO\n<br>\nb) Rectification of data - Article 16 RODO.\n<br>\nc) Deletion of data (the so-called right to be forgotten) - Article 17 of the RODO.\n<br>\nd) Limitation of processing - Article 18 of the RODO.\n<br>\ne) Data portability - Article 20 RODO.\n<br>\nf) Objection - Article 21 RODO\n<br>\n(g) Withdrawal of consent - Article 7(3) of the RODO.\n<br>\n4.3 In order to exercise the rights referred to in Section 2, you may send a relevant e-mail to the following address: info@statech.pl.\n<br>\n4.4 When the user exercises the right resulting from the above rights, the Administrator shall comply with the request or refuse to comply with it immediately, but no later than within one month after receiving the request. However, if - due to the complexity of the request or the number of requests - the Administrator is not able to meet the request within one month, it shall meet it within the following two months by informing the user, within one month of receiving the request, about the intended extension of the deadline and the reasons for it.\n<br>\n4.5 If it is determined that the processing of personal data violates the provisions of the RODO, the data subject shall have the right to lodge a complaint with the President of the Office for Personal Data Protection.\n<br><br>\n<b>5. COOKIES<\/b>\n<br>\n5.1 The Administrator's website uses cookies.\n<br>\n5.2 The installation of cookies is necessary for the proper provision of services on the website. The cookies contain information necessary for the proper functioning of the website, and they also give the possibility to develop general statistics on website visits.\n<br>\n5.3 The website uses the following types of cookies: session cookies\n<br>\n\"Session\" cookies are temporary files that are stored on the user's end device until they log out (leave the site).\n<br>\n5.4 The Administrator uses its own cookies to better understand how a user interacts with the content of the website. The cookies collect information about the user's use of the website, the type of website from which the user was redirected and the number of visits and the length of the user's visit to the website. This information does not record specific personal information about the user, but is used to compile site usage statistics.\n<br>\n5.5 The User has the right to decide on the access of cookies to his\/her computer by selecting them in advance in his\/her browser window. \u00a0Detailed information on the possibility and methods of using cookies is available in the software (browser) settings.\n<br><br>\n<b>6. FINAL PROVISIONS<\/b>\n<br>\n6.1 The controller shall apply technical and organizational measures to ensure the protection of the processed personal data appropriate to the risks and categories of data protected, and in particular to protect the data against their disclosure to unauthorized persons, acquisition by an unauthorized person, processing in violation of the applicable regulations, and any change, loss, damage or destruction.\n<br>\n6.2 The Administrator shall make available appropriate technical measures to prevent unauthorized persons from obtaining and modifying personal data sent electronically.\n<br>\n6.3 In matters not regulated by this Privacy Policy, the provisions of RODO and other relevant provisions of Polish law shall apply respectively.<br><\/div>\n\t\t\t\t<\/div>\n\t\t\t\t<\/div>\n\t\t\t\t\t\t<\/div>\n\t\t\t<\/div>\n\t\t<\/div>\n\t\t\t\t\t\t<\/div>\n\t\t\t<\/div>\n\t\t<\/section>\n\t\t\t\t<section class=\"elementor-element elementor-element-58dfb34 elementor-section-stretched elementor-section-boxed elementor-section-height-default elementor-section-height-default elementor-section elementor-top-section\" data-id=\"58dfb34\" data-element_type=\"section\" data-settings=\"{&quot;stretch_section&quot;:&quot;section-stretched&quot;,&quot;shape_divider_bottom&quot;:&quot;opacity-tilt&quot;}\">\n\t\t\t\t\t\t\t<div class=\"elementor-background-overlay\"><\/div>\n\t\t\t\t\t\t<div class=\"elementor-shape elementor-shape-bottom\" data-negative=\"false\">\n\t\t\t<svg xmlns=\"http:\/\/www.w3.org\/2000\/svg\" viewbox=\"0 0 2600 131.1\" preserveaspectratio=\"none\">\n\t<path class=\"elementor-shape-fill\" d=\"M0 0L2600 0 2600 69.1 0 0z\"\/>\n\t<path class=\"elementor-shape-fill\" style=\"opacity:0.5\" d=\"M0 0L2600 0 2600 69.1 0 69.1z\"\/>\n\t<path class=\"elementor-shape-fill\" style=\"opacity:0.25\" d=\"M2600 0L0 0 0 130.1 2600 69.1z\"\/>\n<\/svg>\t\t<\/div>\n\t\t\t\t\t<div class=\"elementor-container elementor-column-gap-default\">\n\t\t\t\t<div class=\"elementor-row\">\n\t\t\t\t<div class=\"elementor-element elementor-element-19bf3cf elementor-column elementor-col-100 elementor-top-column\" data-id=\"19bf3cf\" data-element_type=\"column\">\n\t\t\t<div class=\"elementor-column-wrap  elementor-element-populated\">\n\t\t\t\t\t<div class=\"elementor-widget-wrap\">\n\t\t\t\t<div class=\"elementor-element elementor-element-17f900a elementor-widget elementor-widget-spacer\" data-id=\"17f900a\" data-element_type=\"widget\" data-widget_type=\"spacer.default\">\n\t\t\t\t<div class=\"elementor-widget-container\">\n\t\t\t\t\t<div class=\"elementor-spacer\">\n\t\t\t<div class=\"elementor-spacer-inner\"><\/div>\n\t\t<\/div>\n\t\t\t\t<\/div>\n\t\t\t\t<\/div>\n\t\t\t\t\t\t<\/div>\n\t\t\t<\/div>\n\t\t<\/div>\n\t\t\t\t\t\t<\/div>\n\t\t\t<\/div>\n\t\t<\/section>\n\t\t\t\t<section class=\"elementor-element elementor-element-427b434 elementor-section-boxed elementor-section-height-default elementor-section-height-default elementor-section elementor-top-section\" data-id=\"427b434\" data-element_type=\"section\">\n\t\t\t\t\t\t<div class=\"elementor-container elementor-column-gap-default\">\n\t\t\t\t<div class=\"elementor-row\">\n\t\t\t\t<div class=\"elementor-element elementor-element-f14c77a elementor-column elementor-col-100 elementor-top-column\" data-id=\"f14c77a\" data-element_type=\"column\">\n\t\t\t<div class=\"elementor-column-wrap  elementor-element-populated\">\n\t\t\t\t\t<div class=\"elementor-widget-wrap\">\n\t\t\t\t<div class=\"elementor-element elementor-element-99a0c65 elementor-align-center elementor-widget elementor-widget-button\" data-id=\"99a0c65\" data-element_type=\"widget\" data-widget_type=\"button.default\">\n\t\t\t\t<div class=\"elementor-widget-container\">\n\t\t\t\t\t<div class=\"elementor-button-wrapper\">\n\t\t\t<a href=\"\/en\/\" class=\"elementor-button-link elementor-button elementor-size-sm elementor-animation-grow\" role=\"button\">\n\t\t\t\t\t\t<span class=\"elementor-button-content-wrapper\">\n\t\t\t\t\t\t<span class=\"elementor-button-text\">GO BACK<\/span>\n\t\t<\/span>\n\t\t\t\t\t<\/a>\n\t\t<\/div>\n\t\t\t\t<\/div>\n\t\t\t\t<\/div>\n\t\t\t\t\t\t<\/div>\n\t\t\t<\/div>\n\t\t<\/div>\n\t\t\t\t\t\t<\/div>\n\t\t\t<\/div>\n\t\t<\/section>\n\t\t\t\t<section class=\"elementor-element elementor-element-02930f9 elementor-section-stretched elementor-section-content-bottom elementor-section-boxed elementor-section-height-default elementor-section-height-default elementor-section elementor-top-section\" data-id=\"02930f9\" data-element_type=\"section\" data-settings=\"{&quot;shape_divider_top&quot;:&quot;opacity-tilt&quot;,&quot;stretch_section&quot;:&quot;section-stretched&quot;}\">\n\t\t\t\t\t\t\t<div class=\"elementor-background-overlay\"><\/div>\n\t\t\t\t\t\t<div class=\"elementor-shape elementor-shape-top\" data-negative=\"false\">\n\t\t\t<svg xmlns=\"http:\/\/www.w3.org\/2000\/svg\" viewbox=\"0 0 2600 131.1\" preserveaspectratio=\"none\">\n\t<path class=\"elementor-shape-fill\" d=\"M0 0L2600 0 2600 69.1 0 0z\"\/>\n\t<path class=\"elementor-shape-fill\" style=\"opacity:0.5\" d=\"M0 0L2600 0 2600 69.1 0 69.1z\"\/>\n\t<path class=\"elementor-shape-fill\" style=\"opacity:0.25\" d=\"M2600 0L0 0 0 130.1 2600 69.1z\"\/>\n<\/svg>\t\t<\/div>\n\t\t\t\t\t<div class=\"elementor-container elementor-column-gap-default\">\n\t\t\t\t<div class=\"elementor-row\">\n\t\t\t\t<div class=\"elementor-element elementor-element-dcc6321 elementor-column elementor-col-100 elementor-top-column\" data-id=\"dcc6321\" data-element_type=\"column\">\n\t\t\t<div class=\"elementor-column-wrap  elementor-element-populated\">\n\t\t\t\t\t<div class=\"elementor-widget-wrap\">\n\t\t\t\t<div class=\"elementor-element elementor-element-bb4420c elementor-widget elementor-widget-spacer\" data-id=\"bb4420c\" data-element_type=\"widget\" data-widget_type=\"spacer.default\">\n\t\t\t\t<div class=\"elementor-widget-container\">\n\t\t\t\t\t<div class=\"elementor-spacer\">\n\t\t\t<div class=\"elementor-spacer-inner\"><\/div>\n\t\t<\/div>\n\t\t\t\t<\/div>\n\t\t\t\t<\/div>\n\t\t\t\t\t\t<\/div>\n\t\t\t<\/div>\n\t\t<\/div>\n\t\t\t\t\t\t<\/div>\n\t\t\t<\/div>\n\t\t<\/section>\n\t\t\t\t<section class=\"elementor-element elementor-element-7af5fa3 elementor-section-boxed elementor-section-height-default elementor-section-height-default elementor-section elementor-top-section\" data-id=\"7af5fa3\" data-element_type=\"section\">\n\t\t\t\t\t\t<div class=\"elementor-container elementor-column-gap-default\">\n\t\t\t\t<div class=\"elementor-row\">\n\t\t\t\t<div class=\"elementor-element elementor-element-0648a18 elementor-column elementor-col-100 elementor-top-column\" data-id=\"0648a18\" data-element_type=\"column\">\n\t\t\t<div class=\"elementor-column-wrap  elementor-element-populated\">\n\t\t\t\t\t<div class=\"elementor-widget-wrap\">\n\t\t\t\t<div class=\"elementor-element elementor-element-6858f9c elementor-widget elementor-widget-spacer\" data-id=\"6858f9c\" data-element_type=\"widget\" data-widget_type=\"spacer.default\">\n\t\t\t\t<div class=\"elementor-widget-container\">\n\t\t\t\t\t<div class=\"elementor-spacer\">\n\t\t\t<div class=\"elementor-spacer-inner\"><\/div>\n\t\t<\/div>\n\t\t\t\t<\/div>\n\t\t\t\t<\/div>\n\t\t\t\t\t\t<\/div>\n\t\t\t<\/div>\n\t\t<\/div>\n\t\t\t\t\t\t<\/div>\n\t\t\t<\/div>\n\t\t<\/section>\n\t\t\t\t\t\t<\/div>\n\t\t\t<\/div>\n\t\t<\/div>","protected":false},"excerpt":{"rendered":"<p>POLITYKA PRYWATNO\u015aCI STRONY INTERNETOWEJ www.statech.pl 1. POSTANOWIENIA OG\u00d3LNE 1.1. Administratorem danych osobowych zbieranych za po\u015brednictwem strony internetowej\u00a0statech.pl\u00a0jest\u00a0Stanis\u0142aw Molenda\u00a0wykonuj\u0105cy dzia\u0142alno\u015b\u0107 gospodarcz\u0105 pod firm\u0105 \u00a0P.P.U.H. \u201eStatech\u201d Molenda Stanis\u0142aw, adres siedziby: Klucze 32-310, Osada 4, NIP: 6371179172, wpisan\u0105 do Centralnej Ewidencji i Informacji o Dzia\u0142alno\u015bci Gospodarczej, adres poczty elektronicznej: info@statech.pl, dalej \u201eAdministrator\u201d, b\u0119d\u0105cy jednocze\u015bnie Us\u0142ugodawc\u0105, miejsce wykonywania dzia\u0142alno\u015bci: Klucze 32-310, Osada 4, adres poczty elektronicznej (e-mail): info@statech.pl, zwany dalej &#8222;Administratorem&#8221;. 1.2. Dane osobowe zbierane przez Administratora za po\u015brednictwem strony internetowej s\u0105 przetwarzane zgodnie z\u00a0Rozporz\u0105dzeniem Parlamentu Europejskiego i\u00a0Rady (UE) 2016\/679 z\u00a0dnia 27 kwietnia 2016 r. w\u00a0sprawie ochrony os\u00f3b fizycznych w\u00a0zwi\u0105zku z\u00a0przetwarzaniem danych osobowych i\u00a0w sprawie swobodnego przep\u0142ywu takich danych oraz uchylenia dyrektywy 95\/46\/WE (og\u00f3lne rozporz\u0105dzenie o\u00a0ochronie danych), zwane dalej RODO oraz ustaw\u0105 o ochronie danych osobowych z dnia 10 maja 2018 r. 2. RODZAJ PRZETWARZANYCH DANYCH OSOBOWYCH, CEL I ZAKRES ZBIERANIA DANYCH 2.1. CEL PRZETWARZANIA I PODSTAWA PRAWNA.\u00a0 Administrator przetwarza dane osobowe za po\u015brednictwem&hellip;<\/p>\n<p> <a class=\"more-link\" href=\"https:\/\/statech.pl\/en\/polityka-prywatnosci\/\">Read more<\/a><\/p>","protected":false},"author":1,"featured_media":0,"parent":0,"menu_order":0,"comment_status":"closed","ping_status":"open","template":"elementor_header_footer","meta":[],"yoast_head":"<!-- This site is optimized with the Yoast SEO plugin v16.3 - https:\/\/yoast.com\/wordpress\/plugins\/seo\/ -->\n<title>P.P.U.H. STATECH &bull;<\/title>\n<meta name=\"robots\" content=\"index, follow, max-snippet:-1, max-image-preview:large, max-video-preview:-1\" \/>\n<link rel=\"canonical\" href=\"https:\/\/statech.pl\/en\/polityka-prywatnosci\/\" \/>\n<meta property=\"og:locale\" content=\"en_US\" \/>\n<meta property=\"og:type\" content=\"article\" \/>\n<meta property=\"og:title\" content=\"P.P.U.H. STATECH &bull;\" \/>\n<meta property=\"og:description\" content=\"POLITYKA PRYWATNO\u015aCI STRONY INTERNETOWEJ www.statech.pl 1. POSTANOWIENIA OG\u00d3LNE 1.1. Administratorem danych osobowych zbieranych za po\u015brednictwem strony internetowej\u00a0statech.pl\u00a0jest\u00a0Stanis\u0142aw Molenda\u00a0wykonuj\u0105cy dzia\u0142alno\u015b\u0107 gospodarcz\u0105 pod firm\u0105 \u00a0P.P.U.H. \u201eStatech\u201d Molenda Stanis\u0142aw, adres siedziby: Klucze 32-310, Osada 4, NIP: 6371179172, wpisan\u0105 do Centralnej Ewidencji i Informacji o Dzia\u0142alno\u015bci Gospodarczej, adres poczty elektronicznej: info@statech.pl, dalej \u201eAdministrator\u201d, b\u0119d\u0105cy jednocze\u015bnie Us\u0142ugodawc\u0105, miejsce wykonywania dzia\u0142alno\u015bci: Klucze 32-310, Osada 4, adres poczty elektronicznej (e-mail): info@statech.pl, zwany dalej &#8222;Administratorem&#8221;. 1.2. Dane osobowe zbierane przez Administratora za po\u015brednictwem strony internetowej s\u0105 przetwarzane zgodnie z\u00a0Rozporz\u0105dzeniem Parlamentu Europejskiego i\u00a0Rady (UE) 2016\/679 z\u00a0dnia 27 kwietnia 2016 r. w\u00a0sprawie ochrony os\u00f3b fizycznych w\u00a0zwi\u0105zku z\u00a0przetwarzaniem danych osobowych i\u00a0w sprawie swobodnego przep\u0142ywu takich danych oraz uchylenia dyrektywy 95\/46\/WE (og\u00f3lne rozporz\u0105dzenie o\u00a0ochronie danych), zwane dalej RODO oraz ustaw\u0105 o ochronie danych osobowych z dnia 10 maja 2018 r. 2. RODZAJ PRZETWARZANYCH DANYCH OSOBOWYCH, CEL I ZAKRES ZBIERANIA DANYCH 2.1. CEL PRZETWARZANIA I PODSTAWA PRAWNA.\u00a0 Administrator przetwarza dane osobowe za po\u015brednictwem&hellip;  Read more\" \/>\n<meta property=\"og:url\" content=\"https:\/\/statech.pl\/en\/polityka-prywatnosci\/\" \/>\n<meta property=\"og:site_name\" content=\"P.P.U.H. STATECH\" \/>\n<meta property=\"article:modified_time\" content=\"2021-05-26T08:17:06+00:00\" \/>\n<meta name=\"twitter:card\" content=\"summary_large_image\" \/>\n<meta name=\"twitter:label1\" content=\"Est. reading time\">\n\t<meta name=\"twitter:data1\" content=\"5 minutes\">\n<script type=\"application\/ld+json\" class=\"yoast-schema-graph\">{\"@context\":\"https:\/\/schema.org\",\"@graph\":[{\"@type\":\"Organization\",\"@id\":\"https:\/\/statech.pl\/en\/#organization\",\"name\":\"P.P.U.H. STATECH\",\"url\":\"https:\/\/statech.pl\/en\/\",\"sameAs\":[],\"logo\":{\"@type\":\"ImageObject\",\"@id\":\"https:\/\/statech.pl\/en\/#logo\",\"inLanguage\":\"en-US\",\"url\":\"https:\/\/statech.pl\/wp-content\/uploads\/2021\/02\/cropped-logo_kwadrat_png-1.png\",\"contentUrl\":\"https:\/\/statech.pl\/wp-content\/uploads\/2021\/02\/cropped-logo_kwadrat_png-1.png\",\"width\":512,\"height\":512,\"caption\":\"P.P.U.H. STATECH\"},\"image\":{\"@id\":\"https:\/\/statech.pl\/en\/#logo\"}},{\"@type\":\"WebSite\",\"@id\":\"https:\/\/statech.pl\/en\/#website\",\"url\":\"https:\/\/statech.pl\/en\/\",\"name\":\"P.P.U.H. STATECH\",\"description\":\"Kompleksowe rozwi\\u0105zania dla przemys\\u0142u papierniczego\",\"publisher\":{\"@id\":\"https:\/\/statech.pl\/en\/#organization\"},\"potentialAction\":[{\"@type\":\"SearchAction\",\"target\":\"https:\/\/statech.pl\/en\/?s={search_term_string}\",\"query-input\":\"required name=search_term_string\"}],\"inLanguage\":\"en-US\"},{\"@type\":\"WebPage\",\"@id\":\"https:\/\/statech.pl\/en\/polityka-prywatnosci\/#webpage\",\"url\":\"https:\/\/statech.pl\/en\/polityka-prywatnosci\/\",\"name\":\"P.P.U.H. STATECH &bull;\",\"isPartOf\":{\"@id\":\"https:\/\/statech.pl\/en\/#website\"},\"datePublished\":\"2020-06-11T16:52:19+00:00\",\"dateModified\":\"2021-05-26T08:17:06+00:00\",\"breadcrumb\":{\"@id\":\"https:\/\/statech.pl\/en\/polityka-prywatnosci\/#breadcrumb\"},\"inLanguage\":\"en-US\",\"potentialAction\":[{\"@type\":\"ReadAction\",\"target\":[\"https:\/\/statech.pl\/en\/polityka-prywatnosci\/\"]}]},{\"@type\":\"BreadcrumbList\",\"@id\":\"https:\/\/statech.pl\/en\/polityka-prywatnosci\/#breadcrumb\",\"itemListElement\":[{\"@type\":\"ListItem\",\"position\":1,\"item\":{\"@type\":\"WebPage\",\"@id\":\"https:\/\/statech.pl\/\",\"url\":\"https:\/\/statech.pl\/\",\"name\":\"Strona g\\u0142\\u00f3wna\"}},{\"@type\":\"ListItem\",\"position\":2,\"item\":{\"@id\":\"https:\/\/statech.pl\/en\/polityka-prywatnosci\/#webpage\"}}]}]}<\/script>\n<!-- \/ Yoast SEO plugin. -->","_links":{"self":[{"href":"https:\/\/statech.pl\/en\/wp-json\/wp\/v2\/pages\/3"}],"collection":[{"href":"https:\/\/statech.pl\/en\/wp-json\/wp\/v2\/pages"}],"about":[{"href":"https:\/\/statech.pl\/en\/wp-json\/wp\/v2\/types\/page"}],"author":[{"embeddable":true,"href":"https:\/\/statech.pl\/en\/wp-json\/wp\/v2\/users\/1"}],"replies":[{"embeddable":true,"href":"https:\/\/statech.pl\/en\/wp-json\/wp\/v2\/comments?post=3"}],"version-history":[{"count":37,"href":"https:\/\/statech.pl\/en\/wp-json\/wp\/v2\/pages\/3\/revisions"}],"predecessor-version":[{"id":18171,"href":"https:\/\/statech.pl\/en\/wp-json\/wp\/v2\/pages\/3\/revisions\/18171"}],"wp:attachment":[{"href":"https:\/\/statech.pl\/en\/wp-json\/wp\/v2\/media?parent=3"}],"curies":[{"name":"wp","href":"https:\/\/api.w.org\/{rel}","templated":true}]}}