 {"id":11984,"date":"2020-06-23T22:11:21","date_gmt":"2020-06-23T20:11:21","guid":{"rendered":"http:\/\/statech.pl\/?page_id=11984"},"modified":"2026-03-31T22:01:27","modified_gmt":"2026-03-31T20:01:27","slug":"ofirmie","status":"publish","type":"page","link":"https:\/\/statech.pl\/en\/ofirmie\/","title":{"rendered":"ABOUT US"},"content":{"rendered":"<div data-elementor-type=\"wp-page\" data-elementor-id=\"11984\" class=\"elementor elementor-11984\" data-elementor-settings=\"[]\">\n\t\t\t<div class=\"elementor-inner\">\n\t\t\t\t<div class=\"elementor-section-wrap\">\n\t\t\t\t\t\t\t<section class=\"elementor-element elementor-element-2c93248 elementor-section-stretched elementor-section-boxed elementor-section-height-default elementor-section-height-default elementor-section elementor-top-section\" data-id=\"2c93248\" data-element_type=\"section\" data-settings=\"{&quot;stretch_section&quot;:&quot;section-stretched&quot;,&quot;background_background&quot;:&quot;classic&quot;,&quot;shape_divider_bottom&quot;:&quot;opacity-tilt&quot;}\">\n\t\t\t\t\t\t\t<div class=\"elementor-background-overlay\"><\/div>\n\t\t\t\t\t\t<div class=\"elementor-shape elementor-shape-bottom\" data-negative=\"false\">\n\t\t\t<svg xmlns=\"http:\/\/www.w3.org\/2000\/svg\" viewbox=\"0 0 2600 131.1\" preserveaspectratio=\"none\">\n\t<path class=\"elementor-shape-fill\" d=\"M0 0L2600 0 2600 69.1 0 0z\"\/>\n\t<path class=\"elementor-shape-fill\" style=\"opacity:0.5\" d=\"M0 0L2600 0 2600 69.1 0 69.1z\"\/>\n\t<path class=\"elementor-shape-fill\" style=\"opacity:0.25\" d=\"M2600 0L0 0 0 130.1 2600 69.1z\"\/>\n<\/svg>\t\t<\/div>\n\t\t\t\t\t<div class=\"elementor-container elementor-column-gap-default\">\n\t\t\t\t<div class=\"elementor-row\">\n\t\t\t\t<div class=\"elementor-element elementor-element-1719d95 elementor-column elementor-col-100 elementor-top-column\" data-id=\"1719d95\" data-element_type=\"column\">\n\t\t\t<div class=\"elementor-column-wrap  elementor-element-populated\">\n\t\t\t\t\t<div class=\"elementor-widget-wrap\">\n\t\t\t\t<div class=\"elementor-element elementor-element-9050c35 elementor-widget elementor-widget-heading\" data-id=\"9050c35\" data-element_type=\"widget\" data-widget_type=\"heading.default\">\n\t\t\t\t<div class=\"elementor-widget-container\">\n\t\t\t<h3 class=\"elementor-heading-title elementor-size-default\"><b>p.p.u.h. \"statech\"  <\/b>molenda sTANIS\u0141AW<\/h3>\t\t<\/div>\n\t\t\t\t<\/div>\n\t\t\t\t<div class=\"elementor-element elementor-element-0b3ebe9 elementor-widget elementor-widget-heading\" data-id=\"0b3ebe9\" data-element_type=\"widget\" data-widget_type=\"heading.default\">\n\t\t\t\t<div class=\"elementor-widget-container\">\n\t\t\t<h3 class=\"elementor-heading-title elementor-size-default\">ABOUT US<\/h3>\t\t<\/div>\n\t\t\t\t<\/div>\n\t\t\t\t\t\t<\/div>\n\t\t\t<\/div>\n\t\t<\/div>\n\t\t\t\t\t\t<\/div>\n\t\t\t<\/div>\n\t\t<\/section>\n\t\t\t\t<section class=\"elementor-element elementor-element-78754cd elementor-section-boxed elementor-section-height-default elementor-section-height-default elementor-section elementor-top-section\" data-id=\"78754cd\" data-element_type=\"section\" data-settings=\"{&quot;background_background&quot;:&quot;classic&quot;}\">\n\t\t\t\t\t\t<div class=\"elementor-container elementor-column-gap-default\">\n\t\t\t\t<div class=\"elementor-row\">\n\t\t\t\t<div class=\"elementor-element elementor-element-8e454ec elementor-column elementor-col-100 elementor-top-column\" data-id=\"8e454ec\" data-element_type=\"column\">\n\t\t\t<div class=\"elementor-column-wrap  elementor-element-populated\">\n\t\t\t\t\t<div class=\"elementor-widget-wrap\">\n\t\t\t\t<div class=\"elementor-element elementor-element-0eef018 elementor-widget elementor-widget-spacer\" data-id=\"0eef018\" data-element_type=\"widget\" data-widget_type=\"spacer.default\">\n\t\t\t\t<div class=\"elementor-widget-container\">\n\t\t\t\t\t<div class=\"elementor-spacer\">\n\t\t\t<div class=\"elementor-spacer-inner\"><\/div>\n\t\t<\/div>\n\t\t\t\t<\/div>\n\t\t\t\t<\/div>\n\t\t\t\t<div class=\"elementor-element elementor-element-e368fda elementor-widget elementor-widget-text-editor\" data-id=\"e368fda\" data-element_type=\"widget\" data-widget_type=\"text-editor.default\">\n\t\t\t\t<div class=\"elementor-widget-container\">\n\t\t\t\t\t<div class=\"elementor-text-editor elementor-clearfix\">Our company, P.P.U.H. \"STATECH\", was established in <b>2000.&nbsp<\/b>From the very beginning, we have made every effort to ensure that this name is\u00a0<strong>synonymous with quality, reliability and timeliness. <\/strong>We provide<strong> comprehensive services <\/strong>and<strong> various solutions for the paper industry. <\/strong>In Central Europe, we represent companies specializing in <b>the production of components<\/b> and&nbsp;<b>\u00a0parts for paper machines, cardboard machines,<\/b> paper <b>paper converting machines.&nbsp<\/b>Our partners are brands known all over the world for many years, adapting their products to the growing requirements of both customers and the market.<\/div>\n\t\t\t\t<\/div>\n\t\t\t\t<\/div>\n\t\t\t\t<div class=\"elementor-element elementor-element-080959f elementor-headline--style-rotate elementor-widget elementor-widget-animated-headline\" data-id=\"080959f\" data-element_type=\"widget\" data-settings=\"{&quot;headline_style&quot;:&quot;rotate&quot;,&quot;animation_type&quot;:&quot;slide&quot;}\" data-widget_type=\"animated-headline.default\">\n\t\t\t\t<div class=\"elementor-widget-container\">\n\t\t\t\t\t<h3 class=\"elementor-headline elementor-headline-animation-type-slide\">\n\t\t\t\t\t\t\t<span class=\"elementor-headline-plain-text elementor-headline-text-wrapper\">WE ARE THE SOLE REPRESENTATIVE IN POLAND AND THE CENTRAL EUROPE OF COMPANIES SUCH AS <br><\/span>\n\t\t\t\t\t\t<span class=\"elementor-headline-dynamic-wrapper elementor-headline-text-wrapper\"><\/span>\n\t\t\t\t\t<\/h3>\n\t\t\t\t<\/div>\n\t\t\t\t<\/div>\n\t\t\t\t<div class=\"elementor-element elementor-element-ac1fc12 elementor-headline--style-rotate elementor-widget elementor-widget-animated-headline\" data-id=\"ac1fc12\" data-element_type=\"widget\" data-settings=\"{&quot;headline_style&quot;:&quot;rotate&quot;,&quot;animation_type&quot;:&quot;slide&quot;,&quot;rotating_text&quot;:&quot;POLICART\\nBonetti\\nErhardt+Leimer Paper\\nErhardt+Leimer Corrugated\\nFILCON FABRICS\\nRIF\\nWOOLLARD &amp; HENRY LTD.\\nSICMA + URETEC\\nPULSE\\nNCR BIOCHEMICAL&quot;}\" data-widget_type=\"animated-headline.default\">\n\t\t\t\t<div class=\"elementor-widget-container\">\n\t\t\t\t\t<h3 class=\"elementor-headline elementor-headline-animation-type-slide\">\n\t\t\t\t\t\t<span class=\"elementor-headline-dynamic-wrapper elementor-headline-text-wrapper\"><\/span>\n\t\t\t\t\t<\/h3>\n\t\t\t\t<\/div>\n\t\t\t\t<\/div>\n\t\t\t\t<div class=\"elementor-element elementor-element-c49bfff elementor-widget elementor-widget-text-editor\" data-id=\"c49bfff\" data-element_type=\"widget\" data-widget_type=\"text-editor.default\">\n\t\t\t\t<div class=\"elementor-widget-container\">\n\t\t\t\t\t<div class=\"elementor-text-editor elementor-clearfix\">Simultaneously with the sale of high-quality products, <b>we provide our clients with a qualified service <\/b>in the full range of <b>solutions for the paper industry.<\/b>\u00a0We provide comprehensive supplies and develop solutions that meet the expectations of the most demanding customers. To meet market demands, <b>the range of our services and deliveries is constantly modified,<\/b>&nbspwhich results in the systematic implementation of new products and solutions to our offer.<\/div>\n\t\t\t\t<\/div>\n\t\t\t\t<\/div>\n\t\t\t\t<div class=\"elementor-element elementor-element-6f66476 elementor-widget elementor-widget-text-editor\" data-id=\"6f66476\" data-element_type=\"widget\" data-widget_type=\"text-editor.default\">\n\t\t\t\t<div class=\"elementor-widget-container\">\n\t\t\t\t\t<div class=\"elementor-text-editor elementor-clearfix\"><p>For 20 years of our company's business on the market, <b>we have won the opinion of a reliable and solid partner<\/b> characterized by a wide offer and enduringly high quality of services. Our customers are both the largest international concerns as well as medium and small family-owned companies. <b>We approach each client individually,<\/b>\u00a0thus we can guarantee the best possible service in accordance with their specific requirements.<\/p><\/div>\n\t\t\t\t<\/div>\n\t\t\t\t<\/div>\n\t\t\t\t<div class=\"elementor-element elementor-element-857f954 elementor-widget elementor-widget-text-editor\" data-id=\"857f954\" data-element_type=\"widget\" data-widget_type=\"text-editor.default\">\n\t\t\t\t<div class=\"elementor-widget-container\">\n\t\t\t\t\t<div class=\"elementor-text-editor elementor-clearfix\"><p>WE INVITE YOU TO COOPERATION!<\/p><\/div>\n\t\t\t\t<\/div>\n\t\t\t\t<\/div>\n\t\t\t\t\t\t<\/div>\n\t\t\t<\/div>\n\t\t<\/div>\n\t\t\t\t\t\t<\/div>\n\t\t\t<\/div>\n\t\t<\/section>\n\t\t\t\t<section class=\"elementor-element elementor-element-8dd9caa elementor-section-stretched elementor-section-boxed elementor-section-height-default elementor-section-height-default elementor-section elementor-top-section\" data-id=\"8dd9caa\" data-element_type=\"section\" data-settings=\"{&quot;stretch_section&quot;:&quot;section-stretched&quot;,&quot;shape_divider_bottom&quot;:&quot;opacity-tilt&quot;}\">\n\t\t\t\t\t\t\t<div class=\"elementor-background-overlay\"><\/div>\n\t\t\t\t\t\t<div class=\"elementor-shape elementor-shape-bottom\" data-negative=\"false\">\n\t\t\t<svg xmlns=\"http:\/\/www.w3.org\/2000\/svg\" viewbox=\"0 0 2600 131.1\" preserveaspectratio=\"none\">\n\t<path class=\"elementor-shape-fill\" d=\"M0 0L2600 0 2600 69.1 0 0z\"\/>\n\t<path class=\"elementor-shape-fill\" style=\"opacity:0.5\" d=\"M0 0L2600 0 2600 69.1 0 69.1z\"\/>\n\t<path class=\"elementor-shape-fill\" style=\"opacity:0.25\" d=\"M2600 0L0 0 0 130.1 2600 69.1z\"\/>\n<\/svg>\t\t<\/div>\n\t\t\t\t\t<div class=\"elementor-container elementor-column-gap-default\">\n\t\t\t\t<div class=\"elementor-row\">\n\t\t\t\t<div class=\"elementor-element elementor-element-4ea3e6f elementor-column elementor-col-100 elementor-top-column\" data-id=\"4ea3e6f\" data-element_type=\"column\">\n\t\t\t<div class=\"elementor-column-wrap  elementor-element-populated\">\n\t\t\t\t\t<div class=\"elementor-widget-wrap\">\n\t\t\t\t<div class=\"elementor-element elementor-element-44debb0 elementor-widget elementor-widget-spacer\" data-id=\"44debb0\" data-element_type=\"widget\" data-widget_type=\"spacer.default\">\n\t\t\t\t<div class=\"elementor-widget-container\">\n\t\t\t\t\t<div class=\"elementor-spacer\">\n\t\t\t<div class=\"elementor-spacer-inner\"><\/div>\n\t\t<\/div>\n\t\t\t\t<\/div>\n\t\t\t\t<\/div>\n\t\t\t\t\t\t<\/div>\n\t\t\t<\/div>\n\t\t<\/div>\n\t\t\t\t\t\t<\/div>\n\t\t\t<\/div>\n\t\t<\/section>\n\t\t\t\t<section class=\"elementor-element elementor-element-e64c940 elementor-section-boxed elementor-section-height-default elementor-section-height-default elementor-section elementor-top-section\" data-id=\"e64c940\" data-element_type=\"section\">\n\t\t\t\t\t\t<div class=\"elementor-container elementor-column-gap-default\">\n\t\t\t\t<div class=\"elementor-row\">\n\t\t\t\t<div class=\"elementor-element elementor-element-8aa6879 elementor-column elementor-col-100 elementor-top-column\" data-id=\"8aa6879\" data-element_type=\"column\">\n\t\t\t<div class=\"elementor-column-wrap  elementor-element-populated\">\n\t\t\t\t\t<div class=\"elementor-widget-wrap\">\n\t\t\t\t<div class=\"elementor-element elementor-element-8a864af elementor-align-center elementor-widget elementor-widget-button\" data-id=\"8a864af\" data-element_type=\"widget\" data-widget_type=\"button.default\">\n\t\t\t\t<div class=\"elementor-widget-container\">\n\t\t\t\t\t<div class=\"elementor-button-wrapper\">\n\t\t\t<a href=\"https:\/\/statech.pl\/en\/kontakt\/\" class=\"elementor-button-link elementor-button elementor-size-sm elementor-animation-grow\" role=\"button\">\n\t\t\t\t\t\t<span class=\"elementor-button-content-wrapper\">\n\t\t\t\t\t\t<span class=\"elementor-button-text\">GO TO CONTACT<\/span>\n\t\t<\/span>\n\t\t\t\t\t<\/a>\n\t\t<\/div>\n\t\t\t\t<\/div>\n\t\t\t\t<\/div>\n\t\t\t\t\t\t<\/div>\n\t\t\t<\/div>\n\t\t<\/div>\n\t\t\t\t\t\t<\/div>\n\t\t\t<\/div>\n\t\t<\/section>\n\t\t\t\t<section class=\"elementor-element elementor-element-9d584fb elementor-section-stretched elementor-section-content-bottom elementor-section-boxed elementor-section-height-default elementor-section-height-default elementor-section elementor-top-section\" data-id=\"9d584fb\" data-element_type=\"section\" data-settings=\"{&quot;shape_divider_top&quot;:&quot;opacity-tilt&quot;,&quot;stretch_section&quot;:&quot;section-stretched&quot;}\">\n\t\t\t\t\t\t\t<div class=\"elementor-background-overlay\"><\/div>\n\t\t\t\t\t\t<div class=\"elementor-shape elementor-shape-top\" data-negative=\"false\">\n\t\t\t<svg xmlns=\"http:\/\/www.w3.org\/2000\/svg\" viewbox=\"0 0 2600 131.1\" preserveaspectratio=\"none\">\n\t<path class=\"elementor-shape-fill\" d=\"M0 0L2600 0 2600 69.1 0 0z\"\/>\n\t<path class=\"elementor-shape-fill\" style=\"opacity:0.5\" d=\"M0 0L2600 0 2600 69.1 0 69.1z\"\/>\n\t<path class=\"elementor-shape-fill\" style=\"opacity:0.25\" d=\"M2600 0L0 0 0 130.1 2600 69.1z\"\/>\n<\/svg>\t\t<\/div>\n\t\t\t\t\t<div class=\"elementor-container elementor-column-gap-default\">\n\t\t\t\t<div class=\"elementor-row\">\n\t\t\t\t<div class=\"elementor-element elementor-element-88eaac6 elementor-column elementor-col-100 elementor-top-column\" data-id=\"88eaac6\" data-element_type=\"column\">\n\t\t\t<div class=\"elementor-column-wrap  elementor-element-populated\">\n\t\t\t\t\t<div class=\"elementor-widget-wrap\">\n\t\t\t\t<div class=\"elementor-element elementor-element-f7b5d5c elementor-widget elementor-widget-spacer\" data-id=\"f7b5d5c\" data-element_type=\"widget\" data-widget_type=\"spacer.default\">\n\t\t\t\t<div class=\"elementor-widget-container\">\n\t\t\t\t\t<div class=\"elementor-spacer\">\n\t\t\t<div class=\"elementor-spacer-inner\"><\/div>\n\t\t<\/div>\n\t\t\t\t<\/div>\n\t\t\t\t<\/div>\n\t\t\t\t\t\t<\/div>\n\t\t\t<\/div>\n\t\t<\/div>\n\t\t\t\t\t\t<\/div>\n\t\t\t<\/div>\n\t\t<\/section>\n\t\t\t\t\t\t<\/div>\n\t\t\t<\/div>\n\t\t<\/div>","protected":false},"excerpt":{"rendered":"<p>p.p.u.h. &#8222;statech&#8221; molenda sTANIS\u0141AW o nas Nasza firma,\u00a0P.P.U.H.\u00a0&#8222;STATECH&#8221;, powsta\u0142a w 2000 roku. Od pocz\u0105tku istnienia dok\u0142adamy stara\u0144, aby nazwa ta by\u0142a\u00a0synonimem jako\u015bci, solidno\u015bci i terminowo\u015bci. \u015awiadczymy kompleksowe us\u0142ugi oraz dostarczamy r\u00f3\u017cnorodne rozwi\u0105zania dla przemys\u0142u papierniczego. W Europie Centralnej reprezentujemy firmy specjalizuj\u0105ce si\u0119 w produkcji podzespo\u0142\u00f3w i&nbsp;cz\u0119\u015bci dla maszyn papierniczych, tekturnic oraz maszyn przetw\u00f3rstwa papieru. Nasi Partnerzy to marki znane na \u015bwiecie od wielu lat, dostosowuj\u0105ce swoje produkty do rosn\u0105cych wymog\u00f3w klient\u00f3w\/rynku. Jeste\u015bmy wy\u0142\u0105cznym przedstawicielem w Polsce oraz w krajach Europy Centralnej takich firm jak: R\u00f3wnocze\u015bnie ze sprzeda\u017c\u0105 wysokiej jako\u015bci produkt\u00f3w zapewniamy swoim klientom wykwalifikowany serwis obejmuj\u0105cy pe\u0142en zakres rozwi\u0105za\u0144 dla przemys\u0142u papierniczego. Realizujemy kompleksowe zaopatrzenie oraz opracowujemy rozwi\u0105zania spe\u0142niaj\u0105ce oczekiwania najbardziej wymagaj\u0105cych klient\u00f3w. Wychodz\u0105c naprzeciw sygna\u0142om p\u0142yn\u0105cym z&nbsp;rynku, zakres naszych us\u0142ug i&nbsp;dostaw podlega ci\u0105g\u0142ym modyfikacjom, czego efektem jest systematyczne wprowadzanie do naszej oferty nowych produkt\u00f3w oraz rozwi\u0105za\u0144. Przez 20 lat dzia\u0142alno\u015bci naszej firmy na rynku uzyskali\u015bmy opini\u0119 rzetelnego i solidnego&hellip;<\/p>\n<p> <a class=\"more-link\" href=\"https:\/\/statech.pl\/en\/ofirmie\/\">Read more<\/a><\/p>","protected":false},"author":1,"featured_media":17208,"parent":0,"menu_order":0,"comment_status":"closed","ping_status":"closed","template":"elementor_header_footer","meta":[],"yoast_head":"<!-- This site is optimized with the Yoast SEO plugin v16.3 - https:\/\/yoast.com\/wordpress\/plugins\/seo\/ -->\n<title>P.P.U.H. STATECH &bull; rozwi\u0105zania dla przemys\u0142u papierniczego &bull; o firmie<\/title>\n<meta name=\"description\" content=\"Od ponad 20 lat \u015bwiadczymy us\u0142ugi i dostarczamy rozwi\u0105zania dla przemys\u0142u papierniczego w tym maszyn papierniczych, przetw\u00f3rczych i tekturnic\" \/>\n<meta name=\"robots\" content=\"index, follow, max-snippet:-1, max-image-preview:large, max-video-preview:-1\" \/>\n<link rel=\"canonical\" href=\"https:\/\/statech.pl\/en\/ofirmie\/\" \/>\n<meta property=\"og:locale\" content=\"en_US\" \/>\n<meta property=\"og:type\" content=\"article\" \/>\n<meta property=\"og:title\" content=\"P.P.U.H. STATECH &bull; rozwi\u0105zania dla przemys\u0142u papierniczego &bull; o firmie\" \/>\n<meta property=\"og:description\" content=\"Od ponad 20 lat \u015bwiadczymy us\u0142ugi i dostarczamy rozwi\u0105zania dla przemys\u0142u papierniczego w tym maszyn papierniczych, przetw\u00f3rczych i tekturnic\" \/>\n<meta property=\"og:url\" content=\"https:\/\/statech.pl\/en\/ofirmie\/\" \/>\n<meta property=\"og:site_name\" content=\"P.P.U.H. STATECH\" \/>\n<meta property=\"article:modified_time\" content=\"2026-03-31T20:01:27+00:00\" \/>\n<meta property=\"og:image\" content=\"http:\/\/statech.pl\/wp-content\/uploads\/2021\/05\/miniatura_strona_logo3.jpg\" \/>\n\t<meta property=\"og:image:width\" content=\"643\" \/>\n\t<meta property=\"og:image:height\" content=\"476\" \/>\n<meta name=\"twitter:card\" content=\"summary_large_image\" \/>\n<meta name=\"twitter:label1\" content=\"Est. reading time\">\n\t<meta name=\"twitter:data1\" content=\"1 minute\">\n<script type=\"application\/ld+json\" class=\"yoast-schema-graph\">{\"@context\":\"https:\/\/schema.org\",\"@graph\":[{\"@type\":\"Organization\",\"@id\":\"https:\/\/statech.pl\/en\/#organization\",\"name\":\"P.P.U.H. STATECH\",\"url\":\"https:\/\/statech.pl\/en\/\",\"sameAs\":[],\"logo\":{\"@type\":\"ImageObject\",\"@id\":\"https:\/\/statech.pl\/en\/#logo\",\"inLanguage\":\"en-US\",\"url\":\"https:\/\/statech.pl\/wp-content\/uploads\/2021\/02\/cropped-logo_kwadrat_png-1.png\",\"contentUrl\":\"https:\/\/statech.pl\/wp-content\/uploads\/2021\/02\/cropped-logo_kwadrat_png-1.png\",\"width\":512,\"height\":512,\"caption\":\"P.P.U.H. STATECH\"},\"image\":{\"@id\":\"https:\/\/statech.pl\/en\/#logo\"}},{\"@type\":\"WebSite\",\"@id\":\"https:\/\/statech.pl\/en\/#website\",\"url\":\"https:\/\/statech.pl\/en\/\",\"name\":\"P.P.U.H. STATECH\",\"description\":\"Kompleksowe rozwi\\u0105zania dla przemys\\u0142u papierniczego\",\"publisher\":{\"@id\":\"https:\/\/statech.pl\/en\/#organization\"},\"potentialAction\":[{\"@type\":\"SearchAction\",\"target\":\"https:\/\/statech.pl\/en\/?s={search_term_string}\",\"query-input\":\"required name=search_term_string\"}],\"inLanguage\":\"en-US\"},{\"@type\":\"ImageObject\",\"@id\":\"https:\/\/statech.pl\/ofirmie\/#primaryimage\",\"inLanguage\":\"en-US\",\"url\":\"https:\/\/statech.pl\/wp-content\/uploads\/2021\/05\/miniatura_strona_logo3.jpg\",\"contentUrl\":\"https:\/\/statech.pl\/wp-content\/uploads\/2021\/05\/miniatura_strona_logo3.jpg\",\"width\":643,\"height\":476},{\"@type\":\"WebPage\",\"@id\":\"https:\/\/statech.pl\/ofirmie\/#webpage\",\"url\":\"https:\/\/statech.pl\/ofirmie\/\",\"name\":\"P.P.U.H. STATECH &bull; rozwi\\u0105zania dla przemys\\u0142u papierniczego &bull; o firmie\",\"isPartOf\":{\"@id\":\"https:\/\/statech.pl\/en\/#website\"},\"primaryImageOfPage\":{\"@id\":\"https:\/\/statech.pl\/ofirmie\/#primaryimage\"},\"datePublished\":\"2020-06-23T20:11:21+00:00\",\"dateModified\":\"2026-03-31T20:01:27+00:00\",\"description\":\"Od ponad 20 lat \\u015bwiadczymy us\\u0142ugi i dostarczamy rozwi\\u0105zania dla przemys\\u0142u papierniczego w tym maszyn papierniczych, przetw\\u00f3rczych i tekturnic\",\"breadcrumb\":{\"@id\":\"https:\/\/statech.pl\/ofirmie\/#breadcrumb\"},\"inLanguage\":\"en-US\",\"potentialAction\":[{\"@type\":\"ReadAction\",\"target\":[\"https:\/\/statech.pl\/ofirmie\/\"]}]},{\"@type\":\"BreadcrumbList\",\"@id\":\"https:\/\/statech.pl\/ofirmie\/#breadcrumb\",\"itemListElement\":[{\"@type\":\"ListItem\",\"position\":1,\"item\":{\"@type\":\"WebPage\",\"@id\":\"https:\/\/statech.pl\/\",\"url\":\"https:\/\/statech.pl\/\",\"name\":\"Strona g\\u0142\\u00f3wna\"}},{\"@type\":\"ListItem\",\"position\":2,\"item\":{\"@id\":\"https:\/\/statech.pl\/ofirmie\/#webpage\"}}]}]}<\/script>\n<!-- \/ Yoast SEO plugin. -->","_links":{"self":[{"href":"https:\/\/statech.pl\/en\/wp-json\/wp\/v2\/pages\/11984"}],"collection":[{"href":"https:\/\/statech.pl\/en\/wp-json\/wp\/v2\/pages"}],"about":[{"href":"https:\/\/statech.pl\/en\/wp-json\/wp\/v2\/types\/page"}],"author":[{"embeddable":true,"href":"https:\/\/statech.pl\/en\/wp-json\/wp\/v2\/users\/1"}],"replies":[{"embeddable":true,"href":"https:\/\/statech.pl\/en\/wp-json\/wp\/v2\/comments?post=11984"}],"version-history":[{"count":176,"href":"https:\/\/statech.pl\/en\/wp-json\/wp\/v2\/pages\/11984\/revisions"}],"predecessor-version":[{"id":19141,"href":"https:\/\/statech.pl\/en\/wp-json\/wp\/v2\/pages\/11984\/revisions\/19141"}],"wp:featuredmedia":[{"embeddable":true,"href":"https:\/\/statech.pl\/en\/wp-json\/wp\/v2\/media\/17208"}],"wp:attachment":[{"href":"https:\/\/statech.pl\/en\/wp-json\/wp\/v2\/media?parent=11984"}],"curies":[{"name":"wp","href":"https:\/\/api.w.org\/{rel}","templated":true}]}}